{"id":132,"date":"2020-04-20T15:32:43","date_gmt":"2020-04-20T20:32:43","guid":{"rendered":"http:\/\/semcolombia.com\/?page_id=132"},"modified":"2020-05-11T17:45:11","modified_gmt":"2020-05-11T22:45:11","slug":"sistema-de-recepcion-salud-publica-covid-19","status":"publish","type":"page","link":"https:\/\/semcolombia.com\/?page_id=132","title":{"rendered":"Sistema de Recepci\u00f3n Salud P\u00fablica Covid-19"},"content":{"rendered":"\n<p class=\"has-medium-font-size\"><strong>Para mantener\u00a0 informado y conectado con las autoridades de salud y emergencias ciudadanas.<\/strong><\/p>\n\n\n\n<figure class=\"wp-block-image size-large\"><img loading=\"lazy\" decoding=\"async\" width=\"1024\" height=\"614\" src=\"http:\/\/semcolombia.com\/wp-content\/uploads\/2020\/05\/Inicio-\u2013-3-1024x614.jpg\" alt=\"\" class=\"wp-image-196\" srcset=\"https:\/\/semcolombia.com\/wp-content\/uploads\/2020\/05\/Inicio-\u2013-3-1024x614.jpg 1024w, https:\/\/semcolombia.com\/wp-content\/uploads\/2020\/05\/Inicio-\u2013-3-300x180.jpg 300w, https:\/\/semcolombia.com\/wp-content\/uploads\/2020\/05\/Inicio-\u2013-3-768x461.jpg 768w, https:\/\/semcolombia.com\/wp-content\/uploads\/2020\/05\/Inicio-\u2013-3-1536x922.jpg 1536w, https:\/\/semcolombia.com\/wp-content\/uploads\/2020\/05\/Inicio-\u2013-3-1200x720.jpg 1200w, https:\/\/semcolombia.com\/wp-content\/uploads\/2020\/05\/Inicio-\u2013-3-594x356.jpg 594w, https:\/\/semcolombia.com\/wp-content\/uploads\/2020\/05\/Inicio-\u2013-3.jpg 1600w\" sizes=\"auto, (max-width: 1024px) 100vw, 1024px\" \/><\/figure>\n\n\n\n<hr class=\"wp-block-separator\"\/>\n\n\n\n<ul class=\"wp-block-list\"><li>Mejora la capacidad de comunicar r\u00e1pidamente tu estado de salud, estar informado sobre la pandemia <strong>COVID-19<\/strong> y reportar directamente a las autoridades casos sospechosos de coronavirus en tu entorno familiar y laboral.<\/li><\/ul>\n\n\n\n<ul class=\"wp-block-list\"><li><em>Las autoridades de salud que maximicen la seguridad de los ciudadanos y minimicen los riesgos de contagio durante la pandemia de <\/em><strong><em>COVID-19<\/em><\/strong><em>ser\u00e1n las que compartan y recopilen de manera m\u00e1s efectiva informaci\u00f3n precisa.<\/em><\/li><\/ul>\n\n\n\n<ul class=\"wp-block-list\"><li><em>Realiza una peque\u00f1a encuesta y determina si tu estado de salud esta relacionado con los s\u00edntomas del COVIC-19, si\u00a0 la evaluaci\u00f3n arroja coincidencias de los s\u00edntomas, el sistema.<\/em><\/li><\/ul>\n","protected":false},"excerpt":{"rendered":"<p>Para mantener\u00a0 informado y conectado con las autoridades de salud y emergencias ciudadanas. Mejora la capacidad de comunicar r\u00e1pidamente tu estado de salud, estar informado sobre la pandemia COVID-19 y reportar directamente a las autoridades casos sospechosos de coronavirus en tu entorno familiar y laboral. Las autoridades de salud que maximicen la seguridad de los [&hellip;]<\/p>\n","protected":false},"author":1,"featured_media":131,"parent":0,"menu_order":0,"comment_status":"closed","ping_status":"closed","template":"","meta":{"_themeisle_gutenberg_block_has_review":false,"footnotes":""},"class_list":["post-132","page","type-page","status-publish","has-post-thumbnail","hentry","clearfix","post-index"],"yoast_head":"<!-- This site is optimized with the Yoast SEO plugin v27.1.1 - https:\/\/yoast.com\/product\/yoast-seo-wordpress\/ -->\n<title>Sistema de Recepci\u00f3n Salud P\u00fablica Covid-19 - Sem Colombia<\/title>\n<meta name=\"robots\" content=\"index, follow, max-snippet:-1, max-image-preview:large, max-video-preview:-1\" \/>\n<link rel=\"canonical\" href=\"https:\/\/semcolombia.com\/?page_id=132\" \/>\n<meta property=\"og:locale\" content=\"es_ES\" \/>\n<meta property=\"og:type\" content=\"article\" \/>\n<meta property=\"og:title\" content=\"Sistema de Recepci\u00f3n Salud P\u00fablica Covid-19 - Sem Colombia\" \/>\n<meta property=\"og:description\" content=\"Para mantener\u00a0 informado y conectado con las autoridades de salud y emergencias ciudadanas. Mejora la capacidad de comunicar r\u00e1pidamente tu estado de salud, estar informado sobre la pandemia COVID-19 y reportar directamente a las autoridades casos sospechosos de coronavirus en tu entorno familiar y laboral. Las autoridades de salud que maximicen la seguridad de los [&hellip;]\" \/>\n<meta property=\"og:url\" content=\"https:\/\/semcolombia.com\/?page_id=132\" \/>\n<meta property=\"og:site_name\" content=\"Sem Colombia\" \/>\n<meta property=\"article:modified_time\" content=\"2020-05-11T22:45:11+00:00\" \/>\n<meta property=\"og:image\" content=\"https:\/\/semcolombia.com\/wp-content\/uploads\/2020\/04\/5530085.jpeg\" \/>\n\t<meta property=\"og:image:width\" content=\"1600\" \/>\n\t<meta property=\"og:image:height\" content=\"900\" \/>\n\t<meta property=\"og:image:type\" content=\"image\/jpeg\" \/>\n<meta name=\"twitter:card\" content=\"summary_large_image\" \/>\n<meta name=\"twitter:label1\" content=\"Tiempo de lectura\" \/>\n\t<meta name=\"twitter:data1\" content=\"1 minuto\" \/>\n<script type=\"application\/ld+json\" class=\"yoast-schema-graph\">{\"@context\":\"https:\/\/schema.org\",\"@graph\":[{\"@type\":\"WebPage\",\"@id\":\"https:\/\/semcolombia.com\/?page_id=132\",\"url\":\"https:\/\/semcolombia.com\/?page_id=132\",\"name\":\"Sistema de Recepci\u00f3n Salud P\u00fablica Covid-19 - Sem Colombia\",\"isPartOf\":{\"@id\":\"https:\/\/semcolombia.com\/#website\"},\"primaryImageOfPage\":{\"@id\":\"https:\/\/semcolombia.com\/?page_id=132#primaryimage\"},\"image\":{\"@id\":\"https:\/\/semcolombia.com\/?page_id=132#primaryimage\"},\"thumbnailUrl\":\"https:\/\/semcolombia.com\/wp-content\/uploads\/2020\/04\/5530085.jpeg\",\"datePublished\":\"2020-04-20T20:32:43+00:00\",\"dateModified\":\"2020-05-11T22:45:11+00:00\",\"breadcrumb\":{\"@id\":\"https:\/\/semcolombia.com\/?page_id=132#breadcrumb\"},\"inLanguage\":\"es-CO\",\"potentialAction\":[{\"@type\":\"ReadAction\",\"target\":[\"https:\/\/semcolombia.com\/?page_id=132\"]}]},{\"@type\":\"ImageObject\",\"inLanguage\":\"es-CO\",\"@id\":\"https:\/\/semcolombia.com\/?page_id=132#primaryimage\",\"url\":\"https:\/\/semcolombia.com\/wp-content\/uploads\/2020\/04\/5530085.jpeg\",\"contentUrl\":\"https:\/\/semcolombia.com\/wp-content\/uploads\/2020\/04\/5530085.jpeg\",\"width\":1600,\"height\":900},{\"@type\":\"BreadcrumbList\",\"@id\":\"https:\/\/semcolombia.com\/?page_id=132#breadcrumb\",\"itemListElement\":[{\"@type\":\"ListItem\",\"position\":1,\"name\":\"Home\",\"item\":\"https:\/\/semcolombia.com\/\"},{\"@type\":\"ListItem\",\"position\":2,\"name\":\"Sistema de Recepci\u00f3n Salud P\u00fablica Covid-19\"}]},{\"@type\":\"WebSite\",\"@id\":\"https:\/\/semcolombia.com\/#website\",\"url\":\"https:\/\/semcolombia.com\/\",\"name\":\"Sem Colombia\",\"description\":\"Sistema de Emergencias M\u00e9dicas\",\"publisher\":{\"@id\":\"https:\/\/semcolombia.com\/#organization\"},\"potentialAction\":[{\"@type\":\"SearchAction\",\"target\":{\"@type\":\"EntryPoint\",\"urlTemplate\":\"https:\/\/semcolombia.com\/?s={search_term_string}\"},\"query-input\":{\"@type\":\"PropertyValueSpecification\",\"valueRequired\":true,\"valueName\":\"search_term_string\"}}],\"inLanguage\":\"es-CO\"},{\"@type\":\"Organization\",\"@id\":\"https:\/\/semcolombia.com\/#organization\",\"name\":\"Sem Colombia\",\"url\":\"https:\/\/semcolombia.com\/\",\"logo\":{\"@type\":\"ImageObject\",\"inLanguage\":\"es-CO\",\"@id\":\"https:\/\/semcolombia.com\/#\/schema\/logo\/image\/\",\"url\":\"https:\/\/semcolombia.com\/wp-content\/uploads\/2020\/04\/Sem-Colombia.png\",\"contentUrl\":\"https:\/\/semcolombia.com\/wp-content\/uploads\/2020\/04\/Sem-Colombia.png\",\"width\":180,\"height\":74,\"caption\":\"Sem Colombia\"},\"image\":{\"@id\":\"https:\/\/semcolombia.com\/#\/schema\/logo\/image\/\"}}]}<\/script>\n<!-- \/ Yoast SEO plugin. -->","yoast_head_json":{"title":"Sistema de Recepci\u00f3n Salud P\u00fablica Covid-19 - Sem Colombia","robots":{"index":"index","follow":"follow","max-snippet":"max-snippet:-1","max-image-preview":"max-image-preview:large","max-video-preview":"max-video-preview:-1"},"canonical":"https:\/\/semcolombia.com\/?page_id=132","og_locale":"es_ES","og_type":"article","og_title":"Sistema de Recepci\u00f3n Salud P\u00fablica Covid-19 - Sem Colombia","og_description":"Para mantener\u00a0 informado y conectado con las autoridades de salud y emergencias ciudadanas. Mejora la capacidad de comunicar r\u00e1pidamente tu estado de salud, estar informado sobre la pandemia COVID-19 y reportar directamente a las autoridades casos sospechosos de coronavirus en tu entorno familiar y laboral. Las autoridades de salud que maximicen la seguridad de los [&hellip;]","og_url":"https:\/\/semcolombia.com\/?page_id=132","og_site_name":"Sem Colombia","article_modified_time":"2020-05-11T22:45:11+00:00","og_image":[{"width":1600,"height":900,"url":"https:\/\/semcolombia.com\/wp-content\/uploads\/2020\/04\/5530085.jpeg","type":"image\/jpeg"}],"twitter_card":"summary_large_image","twitter_misc":{"Tiempo de lectura":"1 minuto"},"schema":{"@context":"https:\/\/schema.org","@graph":[{"@type":"WebPage","@id":"https:\/\/semcolombia.com\/?page_id=132","url":"https:\/\/semcolombia.com\/?page_id=132","name":"Sistema de Recepci\u00f3n Salud P\u00fablica Covid-19 - Sem Colombia","isPartOf":{"@id":"https:\/\/semcolombia.com\/#website"},"primaryImageOfPage":{"@id":"https:\/\/semcolombia.com\/?page_id=132#primaryimage"},"image":{"@id":"https:\/\/semcolombia.com\/?page_id=132#primaryimage"},"thumbnailUrl":"https:\/\/semcolombia.com\/wp-content\/uploads\/2020\/04\/5530085.jpeg","datePublished":"2020-04-20T20:32:43+00:00","dateModified":"2020-05-11T22:45:11+00:00","breadcrumb":{"@id":"https:\/\/semcolombia.com\/?page_id=132#breadcrumb"},"inLanguage":"es-CO","potentialAction":[{"@type":"ReadAction","target":["https:\/\/semcolombia.com\/?page_id=132"]}]},{"@type":"ImageObject","inLanguage":"es-CO","@id":"https:\/\/semcolombia.com\/?page_id=132#primaryimage","url":"https:\/\/semcolombia.com\/wp-content\/uploads\/2020\/04\/5530085.jpeg","contentUrl":"https:\/\/semcolombia.com\/wp-content\/uploads\/2020\/04\/5530085.jpeg","width":1600,"height":900},{"@type":"BreadcrumbList","@id":"https:\/\/semcolombia.com\/?page_id=132#breadcrumb","itemListElement":[{"@type":"ListItem","position":1,"name":"Home","item":"https:\/\/semcolombia.com\/"},{"@type":"ListItem","position":2,"name":"Sistema de Recepci\u00f3n Salud P\u00fablica Covid-19"}]},{"@type":"WebSite","@id":"https:\/\/semcolombia.com\/#website","url":"https:\/\/semcolombia.com\/","name":"Sem Colombia","description":"Sistema de Emergencias M\u00e9dicas","publisher":{"@id":"https:\/\/semcolombia.com\/#organization"},"potentialAction":[{"@type":"SearchAction","target":{"@type":"EntryPoint","urlTemplate":"https:\/\/semcolombia.com\/?s={search_term_string}"},"query-input":{"@type":"PropertyValueSpecification","valueRequired":true,"valueName":"search_term_string"}}],"inLanguage":"es-CO"},{"@type":"Organization","@id":"https:\/\/semcolombia.com\/#organization","name":"Sem Colombia","url":"https:\/\/semcolombia.com\/","logo":{"@type":"ImageObject","inLanguage":"es-CO","@id":"https:\/\/semcolombia.com\/#\/schema\/logo\/image\/","url":"https:\/\/semcolombia.com\/wp-content\/uploads\/2020\/04\/Sem-Colombia.png","contentUrl":"https:\/\/semcolombia.com\/wp-content\/uploads\/2020\/04\/Sem-Colombia.png","width":180,"height":74,"caption":"Sem Colombia"},"image":{"@id":"https:\/\/semcolombia.com\/#\/schema\/logo\/image\/"}}]}},"_links":{"self":[{"href":"https:\/\/semcolombia.com\/index.php?rest_route=\/wp\/v2\/pages\/132","targetHints":{"allow":["GET"]}}],"collection":[{"href":"https:\/\/semcolombia.com\/index.php?rest_route=\/wp\/v2\/pages"}],"about":[{"href":"https:\/\/semcolombia.com\/index.php?rest_route=\/wp\/v2\/types\/page"}],"author":[{"embeddable":true,"href":"https:\/\/semcolombia.com\/index.php?rest_route=\/wp\/v2\/users\/1"}],"replies":[{"embeddable":true,"href":"https:\/\/semcolombia.com\/index.php?rest_route=%2Fwp%2Fv2%2Fcomments&post=132"}],"version-history":[{"count":5,"href":"https:\/\/semcolombia.com\/index.php?rest_route=\/wp\/v2\/pages\/132\/revisions"}],"predecessor-version":[{"id":200,"href":"https:\/\/semcolombia.com\/index.php?rest_route=\/wp\/v2\/pages\/132\/revisions\/200"}],"wp:featuredmedia":[{"embeddable":true,"href":"https:\/\/semcolombia.com\/index.php?rest_route=\/wp\/v2\/media\/131"}],"wp:attachment":[{"href":"https:\/\/semcolombia.com\/index.php?rest_route=%2Fwp%2Fv2%2Fmedia&parent=132"}],"curies":[{"name":"wp","href":"https:\/\/api.w.org\/{rel}","templated":true}]}}