{"id":160,"date":"2020-04-21T14:09:44","date_gmt":"2020-04-21T19:09:44","guid":{"rendered":"http:\/\/semcolombia.com\/?page_id=160"},"modified":"2020-05-12T12:20:26","modified_gmt":"2020-05-12T17:20:26","slug":"sistema-de-gestion-y-notificacion-de-eventos-masivos","status":"publish","type":"page","link":"https:\/\/semcolombia.com\/?page_id=160","title":{"rendered":"Sistema de Despacho de Emergencias M\u00e9dicas"},"content":{"rendered":"\n<p>Este sistema permite registrar la emergencia y se hace seguimiento al proceso de la atenci\u00f3n de la misma, adem\u00e1s permite diligenciar el registro cl\u00ednico pre-hospitalario de forma digital desde interfaz web (por parte del CRUE) y desde aplicaci\u00f3n m\u00f3vil de ambulancias (por parte del APH de ambulancia). <\/p>\n\n\n\n<p>Tambi\u00e9n incluye la generaci\u00f3n de informes y estad\u00edsticas para el an\u00e1lisis y vigilancia epidemiol\u00f3gica, adem\u00e1s de la identificaci\u00f3n del estado de los casos atendidos y gestionados.<\/p>\n","protected":false},"excerpt":{"rendered":"<p>Este sistema permite registrar la emergencia y se hace seguimiento al proceso de la atenci\u00f3n de la misma, adem\u00e1s permite diligenciar el registro cl\u00ednico pre-hospitalario de forma digital desde interfaz web (por parte del CRUE) y desde aplicaci\u00f3n m\u00f3vil de ambulancias (por parte del APH de ambulancia). Tambi\u00e9n incluye la generaci\u00f3n de informes y estad\u00edsticas [&hellip;]<\/p>\n","protected":false},"author":1,"featured_media":241,"parent":0,"menu_order":0,"comment_status":"closed","ping_status":"closed","template":"","meta":{"_themeisle_gutenberg_block_has_review":false,"footnotes":""},"class_list":["post-160","page","type-page","status-publish","has-post-thumbnail","hentry","clearfix","post-index"],"yoast_head":"<!-- This site is optimized with the Yoast SEO plugin v27.1.1 - https:\/\/yoast.com\/product\/yoast-seo-wordpress\/ -->\n<title>Sistema de Despacho de Emergencias M\u00e9dicas - Sem Colombia<\/title>\n<meta name=\"robots\" content=\"index, follow, max-snippet:-1, max-image-preview:large, max-video-preview:-1\" \/>\n<link rel=\"canonical\" href=\"https:\/\/semcolombia.com\/?page_id=160\" \/>\n<meta property=\"og:locale\" content=\"es_ES\" \/>\n<meta property=\"og:type\" content=\"article\" \/>\n<meta property=\"og:title\" content=\"Sistema de Despacho de Emergencias M\u00e9dicas - Sem Colombia\" \/>\n<meta property=\"og:description\" content=\"Este sistema permite registrar la emergencia y se hace seguimiento al proceso de la atenci\u00f3n de la misma, adem\u00e1s permite diligenciar el registro cl\u00ednico pre-hospitalario de forma digital desde interfaz web (por parte del CRUE) y desde aplicaci\u00f3n m\u00f3vil de ambulancias (por parte del APH de ambulancia). Tambi\u00e9n incluye la generaci\u00f3n de informes y estad\u00edsticas [&hellip;]\" \/>\n<meta property=\"og:url\" content=\"https:\/\/semcolombia.com\/?page_id=160\" \/>\n<meta property=\"og:site_name\" content=\"Sem Colombia\" \/>\n<meta property=\"article:modified_time\" content=\"2020-05-12T17:20:26+00:00\" \/>\n<meta property=\"og:image\" content=\"https:\/\/semcolombia.com\/wp-content\/uploads\/2020\/05\/Slider3.jpg\" \/>\n\t<meta property=\"og:image:width\" content=\"2048\" \/>\n\t<meta property=\"og:image:height\" content=\"846\" \/>\n\t<meta property=\"og:image:type\" content=\"image\/jpeg\" \/>\n<meta name=\"twitter:card\" content=\"summary_large_image\" \/>\n<script type=\"application\/ld+json\" class=\"yoast-schema-graph\">{\"@context\":\"https:\/\/schema.org\",\"@graph\":[{\"@type\":\"WebPage\",\"@id\":\"https:\/\/semcolombia.com\/?page_id=160\",\"url\":\"https:\/\/semcolombia.com\/?page_id=160\",\"name\":\"Sistema de Despacho de Emergencias M\u00e9dicas - Sem Colombia\",\"isPartOf\":{\"@id\":\"https:\/\/semcolombia.com\/#website\"},\"primaryImageOfPage\":{\"@id\":\"https:\/\/semcolombia.com\/?page_id=160#primaryimage\"},\"image\":{\"@id\":\"https:\/\/semcolombia.com\/?page_id=160#primaryimage\"},\"thumbnailUrl\":\"https:\/\/semcolombia.com\/wp-content\/uploads\/2020\/05\/Slider3.jpg\",\"datePublished\":\"2020-04-21T19:09:44+00:00\",\"dateModified\":\"2020-05-12T17:20:26+00:00\",\"breadcrumb\":{\"@id\":\"https:\/\/semcolombia.com\/?page_id=160#breadcrumb\"},\"inLanguage\":\"es-CO\",\"potentialAction\":[{\"@type\":\"ReadAction\",\"target\":[\"https:\/\/semcolombia.com\/?page_id=160\"]}]},{\"@type\":\"ImageObject\",\"inLanguage\":\"es-CO\",\"@id\":\"https:\/\/semcolombia.com\/?page_id=160#primaryimage\",\"url\":\"https:\/\/semcolombia.com\/wp-content\/uploads\/2020\/05\/Slider3.jpg\",\"contentUrl\":\"https:\/\/semcolombia.com\/wp-content\/uploads\/2020\/05\/Slider3.jpg\",\"width\":2048,\"height\":846},{\"@type\":\"BreadcrumbList\",\"@id\":\"https:\/\/semcolombia.com\/?page_id=160#breadcrumb\",\"itemListElement\":[{\"@type\":\"ListItem\",\"position\":1,\"name\":\"Home\",\"item\":\"https:\/\/semcolombia.com\/\"},{\"@type\":\"ListItem\",\"position\":2,\"name\":\"Sistema de Despacho de Emergencias M\u00e9dicas\"}]},{\"@type\":\"WebSite\",\"@id\":\"https:\/\/semcolombia.com\/#website\",\"url\":\"https:\/\/semcolombia.com\/\",\"name\":\"Sem Colombia\",\"description\":\"Sistema de Emergencias M\u00e9dicas\",\"publisher\":{\"@id\":\"https:\/\/semcolombia.com\/#organization\"},\"potentialAction\":[{\"@type\":\"SearchAction\",\"target\":{\"@type\":\"EntryPoint\",\"urlTemplate\":\"https:\/\/semcolombia.com\/?s={search_term_string}\"},\"query-input\":{\"@type\":\"PropertyValueSpecification\",\"valueRequired\":true,\"valueName\":\"search_term_string\"}}],\"inLanguage\":\"es-CO\"},{\"@type\":\"Organization\",\"@id\":\"https:\/\/semcolombia.com\/#organization\",\"name\":\"Sem Colombia\",\"url\":\"https:\/\/semcolombia.com\/\",\"logo\":{\"@type\":\"ImageObject\",\"inLanguage\":\"es-CO\",\"@id\":\"https:\/\/semcolombia.com\/#\/schema\/logo\/image\/\",\"url\":\"https:\/\/semcolombia.com\/wp-content\/uploads\/2020\/04\/Sem-Colombia.png\",\"contentUrl\":\"https:\/\/semcolombia.com\/wp-content\/uploads\/2020\/04\/Sem-Colombia.png\",\"width\":180,\"height\":74,\"caption\":\"Sem Colombia\"},\"image\":{\"@id\":\"https:\/\/semcolombia.com\/#\/schema\/logo\/image\/\"}}]}<\/script>\n<!-- \/ Yoast SEO plugin. -->","yoast_head_json":{"title":"Sistema de Despacho de Emergencias M\u00e9dicas - Sem Colombia","robots":{"index":"index","follow":"follow","max-snippet":"max-snippet:-1","max-image-preview":"max-image-preview:large","max-video-preview":"max-video-preview:-1"},"canonical":"https:\/\/semcolombia.com\/?page_id=160","og_locale":"es_ES","og_type":"article","og_title":"Sistema de Despacho de Emergencias M\u00e9dicas - Sem Colombia","og_description":"Este sistema permite registrar la emergencia y se hace seguimiento al proceso de la atenci\u00f3n de la misma, adem\u00e1s permite diligenciar el registro cl\u00ednico pre-hospitalario de forma digital desde interfaz web (por parte del CRUE) y desde aplicaci\u00f3n m\u00f3vil de ambulancias (por parte del APH de ambulancia). Tambi\u00e9n incluye la generaci\u00f3n de informes y estad\u00edsticas [&hellip;]","og_url":"https:\/\/semcolombia.com\/?page_id=160","og_site_name":"Sem Colombia","article_modified_time":"2020-05-12T17:20:26+00:00","og_image":[{"width":2048,"height":846,"url":"https:\/\/semcolombia.com\/wp-content\/uploads\/2020\/05\/Slider3.jpg","type":"image\/jpeg"}],"twitter_card":"summary_large_image","schema":{"@context":"https:\/\/schema.org","@graph":[{"@type":"WebPage","@id":"https:\/\/semcolombia.com\/?page_id=160","url":"https:\/\/semcolombia.com\/?page_id=160","name":"Sistema de Despacho de Emergencias M\u00e9dicas - Sem Colombia","isPartOf":{"@id":"https:\/\/semcolombia.com\/#website"},"primaryImageOfPage":{"@id":"https:\/\/semcolombia.com\/?page_id=160#primaryimage"},"image":{"@id":"https:\/\/semcolombia.com\/?page_id=160#primaryimage"},"thumbnailUrl":"https:\/\/semcolombia.com\/wp-content\/uploads\/2020\/05\/Slider3.jpg","datePublished":"2020-04-21T19:09:44+00:00","dateModified":"2020-05-12T17:20:26+00:00","breadcrumb":{"@id":"https:\/\/semcolombia.com\/?page_id=160#breadcrumb"},"inLanguage":"es-CO","potentialAction":[{"@type":"ReadAction","target":["https:\/\/semcolombia.com\/?page_id=160"]}]},{"@type":"ImageObject","inLanguage":"es-CO","@id":"https:\/\/semcolombia.com\/?page_id=160#primaryimage","url":"https:\/\/semcolombia.com\/wp-content\/uploads\/2020\/05\/Slider3.jpg","contentUrl":"https:\/\/semcolombia.com\/wp-content\/uploads\/2020\/05\/Slider3.jpg","width":2048,"height":846},{"@type":"BreadcrumbList","@id":"https:\/\/semcolombia.com\/?page_id=160#breadcrumb","itemListElement":[{"@type":"ListItem","position":1,"name":"Home","item":"https:\/\/semcolombia.com\/"},{"@type":"ListItem","position":2,"name":"Sistema de Despacho de Emergencias M\u00e9dicas"}]},{"@type":"WebSite","@id":"https:\/\/semcolombia.com\/#website","url":"https:\/\/semcolombia.com\/","name":"Sem Colombia","description":"Sistema de Emergencias M\u00e9dicas","publisher":{"@id":"https:\/\/semcolombia.com\/#organization"},"potentialAction":[{"@type":"SearchAction","target":{"@type":"EntryPoint","urlTemplate":"https:\/\/semcolombia.com\/?s={search_term_string}"},"query-input":{"@type":"PropertyValueSpecification","valueRequired":true,"valueName":"search_term_string"}}],"inLanguage":"es-CO"},{"@type":"Organization","@id":"https:\/\/semcolombia.com\/#organization","name":"Sem Colombia","url":"https:\/\/semcolombia.com\/","logo":{"@type":"ImageObject","inLanguage":"es-CO","@id":"https:\/\/semcolombia.com\/#\/schema\/logo\/image\/","url":"https:\/\/semcolombia.com\/wp-content\/uploads\/2020\/04\/Sem-Colombia.png","contentUrl":"https:\/\/semcolombia.com\/wp-content\/uploads\/2020\/04\/Sem-Colombia.png","width":180,"height":74,"caption":"Sem Colombia"},"image":{"@id":"https:\/\/semcolombia.com\/#\/schema\/logo\/image\/"}}]}},"_links":{"self":[{"href":"https:\/\/semcolombia.com\/index.php?rest_route=\/wp\/v2\/pages\/160","targetHints":{"allow":["GET"]}}],"collection":[{"href":"https:\/\/semcolombia.com\/index.php?rest_route=\/wp\/v2\/pages"}],"about":[{"href":"https:\/\/semcolombia.com\/index.php?rest_route=\/wp\/v2\/types\/page"}],"author":[{"embeddable":true,"href":"https:\/\/semcolombia.com\/index.php?rest_route=\/wp\/v2\/users\/1"}],"replies":[{"embeddable":true,"href":"https:\/\/semcolombia.com\/index.php?rest_route=%2Fwp%2Fv2%2Fcomments&post=160"}],"version-history":[{"count":4,"href":"https:\/\/semcolombia.com\/index.php?rest_route=\/wp\/v2\/pages\/160\/revisions"}],"predecessor-version":[{"id":248,"href":"https:\/\/semcolombia.com\/index.php?rest_route=\/wp\/v2\/pages\/160\/revisions\/248"}],"wp:featuredmedia":[{"embeddable":true,"href":"https:\/\/semcolombia.com\/index.php?rest_route=\/wp\/v2\/media\/241"}],"wp:attachment":[{"href":"https:\/\/semcolombia.com\/index.php?rest_route=%2Fwp%2Fv2%2Fmedia&parent=160"}],"curies":[{"name":"wp","href":"https:\/\/api.w.org\/{rel}","templated":true}]}}