{"id":215,"date":"2020-05-11T18:19:57","date_gmt":"2020-05-11T23:19:57","guid":{"rendered":"http:\/\/semcolombia.com\/?page_id=215"},"modified":"2020-05-12T15:12:59","modified_gmt":"2020-05-12T20:12:59","slug":"sistema-de-georeferenciacion-de-pacientes-con-covid-19-zonas-cardio-protegidas","status":"publish","type":"page","link":"https:\/\/semcolombia.com\/?page_id=215","title":{"rendered":"Sistema de Georeferenciaci\u00f3n de Pacientes con Covid-19 Zonas Cardio Protegidas"},"content":{"rendered":"\n<figure class=\"wp-block-image size-large\"><img loading=\"lazy\" decoding=\"async\" width=\"1024\" height=\"892\" src=\"http:\/\/semcolombia.com\/wp-content\/uploads\/2020\/05\/cardioprotegidas-1024x892.jpg\" alt=\"\" class=\"wp-image-264\" srcset=\"https:\/\/semcolombia.com\/wp-content\/uploads\/2020\/05\/cardioprotegidas-1024x892.jpg 1024w, https:\/\/semcolombia.com\/wp-content\/uploads\/2020\/05\/cardioprotegidas-300x261.jpg 300w, https:\/\/semcolombia.com\/wp-content\/uploads\/2020\/05\/cardioprotegidas-768x669.jpg 768w, https:\/\/semcolombia.com\/wp-content\/uploads\/2020\/05\/cardioprotegidas-1200x1045.jpg 1200w, https:\/\/semcolombia.com\/wp-content\/uploads\/2020\/05\/cardioprotegidas-594x517.jpg 594w, https:\/\/semcolombia.com\/wp-content\/uploads\/2020\/05\/cardioprotegidas.jpg 1226w\" sizes=\"auto, (max-width: 1024px) 100vw, 1024px\" \/><\/figure>\n\n\n\n<hr class=\"wp-block-separator\"\/>\n\n\n\n<p>La plataforma permitir\u00e1 generar al CRUE y a las entidades asociadas al sistema de emergencias medicas reportes (indicadores) basados en georreferenciaci\u00f3n para el an\u00e1lisis y mejoramiento continuo de la calidad en la atenci\u00f3n en salud. <\/p>\n\n\n\n<p>As\u00ed mismo, apoyar\u00e1 las tareas de investigaci\u00f3n y vigilancia epidemiol\u00f3gica, a trav\u00e9s de la caracterizaci\u00f3n de georreferenciada de los eventos adversos en salud.<\/p>\n","protected":false},"excerpt":{"rendered":"<p>La plataforma permitir\u00e1 generar al CRUE y a las entidades asociadas al sistema de emergencias medicas reportes (indicadores) basados en georreferenciaci\u00f3n para el an\u00e1lisis y mejoramiento continuo de la calidad en la atenci\u00f3n en salud. As\u00ed mismo, apoyar\u00e1 las tareas de investigaci\u00f3n y vigilancia epidemiol\u00f3gica, a trav\u00e9s de la caracterizaci\u00f3n de georreferenciada de los eventos [&hellip;]<\/p>\n","protected":false},"author":1,"featured_media":263,"parent":0,"menu_order":0,"comment_status":"closed","ping_status":"closed","template":"","meta":{"_themeisle_gutenberg_block_has_review":false,"footnotes":""},"class_list":["post-215","page","type-page","status-publish","has-post-thumbnail","hentry","clearfix","post-index"],"yoast_head":"<!-- This site is optimized with the Yoast SEO plugin v27.1.1 - https:\/\/yoast.com\/product\/yoast-seo-wordpress\/ -->\n<title>Sistema de Georeferenciaci\u00f3n de Pacientes con Covid-19 Zonas Cardio Protegidas - Sem Colombia<\/title>\n<meta name=\"robots\" content=\"index, follow, max-snippet:-1, max-image-preview:large, max-video-preview:-1\" \/>\n<link rel=\"canonical\" href=\"https:\/\/semcolombia.com\/?page_id=215\" \/>\n<meta property=\"og:locale\" content=\"es_ES\" \/>\n<meta property=\"og:type\" content=\"article\" \/>\n<meta property=\"og:title\" content=\"Sistema de Georeferenciaci\u00f3n de Pacientes con Covid-19 Zonas Cardio Protegidas - Sem Colombia\" \/>\n<meta property=\"og:description\" content=\"La plataforma permitir\u00e1 generar al CRUE y a las entidades asociadas al sistema de emergencias medicas reportes (indicadores) basados en georreferenciaci\u00f3n para el an\u00e1lisis y mejoramiento continuo de la calidad en la atenci\u00f3n en salud. As\u00ed mismo, apoyar\u00e1 las tareas de investigaci\u00f3n y vigilancia epidemiol\u00f3gica, a trav\u00e9s de la caracterizaci\u00f3n de georreferenciada de los eventos [&hellip;]\" \/>\n<meta property=\"og:url\" content=\"https:\/\/semcolombia.com\/?page_id=215\" \/>\n<meta property=\"og:site_name\" content=\"Sem Colombia\" \/>\n<meta property=\"article:modified_time\" content=\"2020-05-12T20:12:59+00:00\" \/>\n<meta property=\"og:image\" content=\"https:\/\/semcolombia.com\/wp-content\/uploads\/2020\/05\/Slider4.jpg\" \/>\n\t<meta property=\"og:image:width\" content=\"1500\" \/>\n\t<meta property=\"og:image:height\" content=\"620\" \/>\n\t<meta property=\"og:image:type\" content=\"image\/jpeg\" \/>\n<meta name=\"twitter:card\" content=\"summary_large_image\" \/>\n<script type=\"application\/ld+json\" class=\"yoast-schema-graph\">{\"@context\":\"https:\/\/schema.org\",\"@graph\":[{\"@type\":\"WebPage\",\"@id\":\"https:\/\/semcolombia.com\/?page_id=215\",\"url\":\"https:\/\/semcolombia.com\/?page_id=215\",\"name\":\"Sistema de Georeferenciaci\u00f3n de Pacientes con Covid-19 Zonas Cardio Protegidas - Sem Colombia\",\"isPartOf\":{\"@id\":\"https:\/\/semcolombia.com\/#website\"},\"primaryImageOfPage\":{\"@id\":\"https:\/\/semcolombia.com\/?page_id=215#primaryimage\"},\"image\":{\"@id\":\"https:\/\/semcolombia.com\/?page_id=215#primaryimage\"},\"thumbnailUrl\":\"https:\/\/semcolombia.com\/wp-content\/uploads\/2020\/05\/Slider4.jpg\",\"datePublished\":\"2020-05-11T23:19:57+00:00\",\"dateModified\":\"2020-05-12T20:12:59+00:00\",\"breadcrumb\":{\"@id\":\"https:\/\/semcolombia.com\/?page_id=215#breadcrumb\"},\"inLanguage\":\"es-CO\",\"potentialAction\":[{\"@type\":\"ReadAction\",\"target\":[\"https:\/\/semcolombia.com\/?page_id=215\"]}]},{\"@type\":\"ImageObject\",\"inLanguage\":\"es-CO\",\"@id\":\"https:\/\/semcolombia.com\/?page_id=215#primaryimage\",\"url\":\"https:\/\/semcolombia.com\/wp-content\/uploads\/2020\/05\/Slider4.jpg\",\"contentUrl\":\"https:\/\/semcolombia.com\/wp-content\/uploads\/2020\/05\/Slider4.jpg\",\"width\":1500,\"height\":620},{\"@type\":\"BreadcrumbList\",\"@id\":\"https:\/\/semcolombia.com\/?page_id=215#breadcrumb\",\"itemListElement\":[{\"@type\":\"ListItem\",\"position\":1,\"name\":\"Home\",\"item\":\"https:\/\/semcolombia.com\/\"},{\"@type\":\"ListItem\",\"position\":2,\"name\":\"Sistema de Georeferenciaci\u00f3n de Pacientes con Covid-19 Zonas Cardio Protegidas\"}]},{\"@type\":\"WebSite\",\"@id\":\"https:\/\/semcolombia.com\/#website\",\"url\":\"https:\/\/semcolombia.com\/\",\"name\":\"Sem Colombia\",\"description\":\"Sistema de Emergencias M\u00e9dicas\",\"publisher\":{\"@id\":\"https:\/\/semcolombia.com\/#organization\"},\"potentialAction\":[{\"@type\":\"SearchAction\",\"target\":{\"@type\":\"EntryPoint\",\"urlTemplate\":\"https:\/\/semcolombia.com\/?s={search_term_string}\"},\"query-input\":{\"@type\":\"PropertyValueSpecification\",\"valueRequired\":true,\"valueName\":\"search_term_string\"}}],\"inLanguage\":\"es-CO\"},{\"@type\":\"Organization\",\"@id\":\"https:\/\/semcolombia.com\/#organization\",\"name\":\"Sem Colombia\",\"url\":\"https:\/\/semcolombia.com\/\",\"logo\":{\"@type\":\"ImageObject\",\"inLanguage\":\"es-CO\",\"@id\":\"https:\/\/semcolombia.com\/#\/schema\/logo\/image\/\",\"url\":\"https:\/\/semcolombia.com\/wp-content\/uploads\/2020\/04\/Sem-Colombia.png\",\"contentUrl\":\"https:\/\/semcolombia.com\/wp-content\/uploads\/2020\/04\/Sem-Colombia.png\",\"width\":180,\"height\":74,\"caption\":\"Sem Colombia\"},\"image\":{\"@id\":\"https:\/\/semcolombia.com\/#\/schema\/logo\/image\/\"}}]}<\/script>\n<!-- \/ Yoast SEO plugin. -->","yoast_head_json":{"title":"Sistema de Georeferenciaci\u00f3n de Pacientes con Covid-19 Zonas Cardio Protegidas - Sem Colombia","robots":{"index":"index","follow":"follow","max-snippet":"max-snippet:-1","max-image-preview":"max-image-preview:large","max-video-preview":"max-video-preview:-1"},"canonical":"https:\/\/semcolombia.com\/?page_id=215","og_locale":"es_ES","og_type":"article","og_title":"Sistema de Georeferenciaci\u00f3n de Pacientes con Covid-19 Zonas Cardio Protegidas - Sem Colombia","og_description":"La plataforma permitir\u00e1 generar al CRUE y a las entidades asociadas al sistema de emergencias medicas reportes (indicadores) basados en georreferenciaci\u00f3n para el an\u00e1lisis y mejoramiento continuo de la calidad en la atenci\u00f3n en salud. As\u00ed mismo, apoyar\u00e1 las tareas de investigaci\u00f3n y vigilancia epidemiol\u00f3gica, a trav\u00e9s de la caracterizaci\u00f3n de georreferenciada de los eventos [&hellip;]","og_url":"https:\/\/semcolombia.com\/?page_id=215","og_site_name":"Sem Colombia","article_modified_time":"2020-05-12T20:12:59+00:00","og_image":[{"width":1500,"height":620,"url":"https:\/\/semcolombia.com\/wp-content\/uploads\/2020\/05\/Slider4.jpg","type":"image\/jpeg"}],"twitter_card":"summary_large_image","schema":{"@context":"https:\/\/schema.org","@graph":[{"@type":"WebPage","@id":"https:\/\/semcolombia.com\/?page_id=215","url":"https:\/\/semcolombia.com\/?page_id=215","name":"Sistema de Georeferenciaci\u00f3n de Pacientes con Covid-19 Zonas Cardio Protegidas - Sem Colombia","isPartOf":{"@id":"https:\/\/semcolombia.com\/#website"},"primaryImageOfPage":{"@id":"https:\/\/semcolombia.com\/?page_id=215#primaryimage"},"image":{"@id":"https:\/\/semcolombia.com\/?page_id=215#primaryimage"},"thumbnailUrl":"https:\/\/semcolombia.com\/wp-content\/uploads\/2020\/05\/Slider4.jpg","datePublished":"2020-05-11T23:19:57+00:00","dateModified":"2020-05-12T20:12:59+00:00","breadcrumb":{"@id":"https:\/\/semcolombia.com\/?page_id=215#breadcrumb"},"inLanguage":"es-CO","potentialAction":[{"@type":"ReadAction","target":["https:\/\/semcolombia.com\/?page_id=215"]}]},{"@type":"ImageObject","inLanguage":"es-CO","@id":"https:\/\/semcolombia.com\/?page_id=215#primaryimage","url":"https:\/\/semcolombia.com\/wp-content\/uploads\/2020\/05\/Slider4.jpg","contentUrl":"https:\/\/semcolombia.com\/wp-content\/uploads\/2020\/05\/Slider4.jpg","width":1500,"height":620},{"@type":"BreadcrumbList","@id":"https:\/\/semcolombia.com\/?page_id=215#breadcrumb","itemListElement":[{"@type":"ListItem","position":1,"name":"Home","item":"https:\/\/semcolombia.com\/"},{"@type":"ListItem","position":2,"name":"Sistema de Georeferenciaci\u00f3n de Pacientes con Covid-19 Zonas Cardio Protegidas"}]},{"@type":"WebSite","@id":"https:\/\/semcolombia.com\/#website","url":"https:\/\/semcolombia.com\/","name":"Sem Colombia","description":"Sistema de Emergencias M\u00e9dicas","publisher":{"@id":"https:\/\/semcolombia.com\/#organization"},"potentialAction":[{"@type":"SearchAction","target":{"@type":"EntryPoint","urlTemplate":"https:\/\/semcolombia.com\/?s={search_term_string}"},"query-input":{"@type":"PropertyValueSpecification","valueRequired":true,"valueName":"search_term_string"}}],"inLanguage":"es-CO"},{"@type":"Organization","@id":"https:\/\/semcolombia.com\/#organization","name":"Sem Colombia","url":"https:\/\/semcolombia.com\/","logo":{"@type":"ImageObject","inLanguage":"es-CO","@id":"https:\/\/semcolombia.com\/#\/schema\/logo\/image\/","url":"https:\/\/semcolombia.com\/wp-content\/uploads\/2020\/04\/Sem-Colombia.png","contentUrl":"https:\/\/semcolombia.com\/wp-content\/uploads\/2020\/04\/Sem-Colombia.png","width":180,"height":74,"caption":"Sem Colombia"},"image":{"@id":"https:\/\/semcolombia.com\/#\/schema\/logo\/image\/"}}]}},"_links":{"self":[{"href":"https:\/\/semcolombia.com\/index.php?rest_route=\/wp\/v2\/pages\/215","targetHints":{"allow":["GET"]}}],"collection":[{"href":"https:\/\/semcolombia.com\/index.php?rest_route=\/wp\/v2\/pages"}],"about":[{"href":"https:\/\/semcolombia.com\/index.php?rest_route=\/wp\/v2\/types\/page"}],"author":[{"embeddable":true,"href":"https:\/\/semcolombia.com\/index.php?rest_route=\/wp\/v2\/users\/1"}],"replies":[{"embeddable":true,"href":"https:\/\/semcolombia.com\/index.php?rest_route=%2Fwp%2Fv2%2Fcomments&post=215"}],"version-history":[{"count":4,"href":"https:\/\/semcolombia.com\/index.php?rest_route=\/wp\/v2\/pages\/215\/revisions"}],"predecessor-version":[{"id":265,"href":"https:\/\/semcolombia.com\/index.php?rest_route=\/wp\/v2\/pages\/215\/revisions\/265"}],"wp:featuredmedia":[{"embeddable":true,"href":"https:\/\/semcolombia.com\/index.php?rest_route=\/wp\/v2\/media\/263"}],"wp:attachment":[{"href":"https:\/\/semcolombia.com\/index.php?rest_route=%2Fwp%2Fv2%2Fmedia&parent=215"}],"curies":[{"name":"wp","href":"https:\/\/api.w.org\/{rel}","templated":true}]}}