{"id":430,"date":"2024-08-22T17:22:38","date_gmt":"2024-08-22T22:22:38","guid":{"rendered":"https:\/\/semcolombia.com\/?page_id=430"},"modified":"2024-08-26T18:00:28","modified_gmt":"2024-08-26T23:00:28","slug":"sistema-de-autorizacion-de-servicios-medicos","status":"publish","type":"page","link":"https:\/\/semcolombia.com\/?page_id=430","title":{"rendered":"Sistema \u00a0de Autorizaci\u00f3n de Servicios M\u00e9dicos"},"content":{"rendered":"\n<p>Las IPS utilizan la plataforma para enviar solicitudes de autorizaci\u00f3n de servicios m\u00e9dicos, adjuntando detalles del paciente y documentos necesarios. La Secretar\u00eda de Salud recibe estas solicitudes en tiempo real, las verifica y revisa para asegurar que cumplen con las normativas de salud. Una vez completada la revisi\u00f3n, se emite una decisi\u00f3n que se comunica inmediatamente a la ips. Las ips pueden seguir el estado de sus solicitudes y responder a requerimientos adicionales de informaci\u00f3n de forma r\u00e1pida y eficiente.<\/p>\n\n\n\n<div id=\"wp-block-themeisle-blocks-slider-645ef7b1\" class=\"wp-block-themeisle-blocks-slider glide\" data-per-view=\"1\" data-gap=\"0\" data-peek=\"0\" data-autoplay=\"true\" data-height=\"610px\" data-hide-arrows=\"false\" data-transition=\"ease-in-out\"><div class=\"glide__track\" data-glide-el=\"track\"><div class=\"glide__slides\"><div class=\"wp-block-themeisle-blocks-slider-item-wrapper glide__slide\" tabindex=\"0\"><figure><img decoding=\"async\" class=\"wp-block-themeisle-blocks-slider-item\" src=\"https:\/\/semcolombia.com\/wp-content\/uploads\/2024\/08\/imagen_1-1024x817.png\" alt=\"\" title=\"\" data-id=\"442\"\/><\/figure><\/div><div class=\"wp-block-themeisle-blocks-slider-item-wrapper glide__slide\" tabindex=\"0\"><figure><img decoding=\"async\" class=\"wp-block-themeisle-blocks-slider-item\" src=\"https:\/\/semcolombia.com\/wp-content\/uploads\/2024\/08\/imagen_2-1024x817.png\" alt=\"\" title=\"\" data-id=\"444\"\/><\/figure><\/div><div class=\"wp-block-themeisle-blocks-slider-item-wrapper glide__slide\" tabindex=\"0\"><figure><img decoding=\"async\" class=\"wp-block-themeisle-blocks-slider-item\" src=\"https:\/\/semcolombia.com\/wp-content\/uploads\/2024\/08\/imagen_3-1024x817.png\" alt=\"\" title=\"\" data-id=\"443\"\/><\/figure><\/div><\/div><div class=\"glide__bullets\" data-glide-el=\"controls[nav]\"><button class=\"glide__bullet\" data-glide-dir=\"=0\"><\/button><button class=\"glide__bullet\" data-glide-dir=\"=1\"><\/button><button class=\"glide__bullet\" data-glide-dir=\"=2\"><\/button><\/div><\/div><\/div>\n\n\n\n<h4 class=\"wp-block-heading\"><strong>Beneficios<\/strong><\/h4>\n\n\n\n<p><\/p>\n\n\n\n<div class=\"wp-block-media-text is-stacked-on-mobile\" style=\"grid-template-columns:15% auto\"><figure class=\"wp-block-media-text__media\"><img loading=\"lazy\" decoding=\"async\" width=\"512\" height=\"512\" src=\"https:\/\/semcolombia.com\/wp-content\/uploads\/2024\/08\/documentation.png\" alt=\"\" class=\"wp-image-485 size-full\" srcset=\"https:\/\/semcolombia.com\/wp-content\/uploads\/2024\/08\/documentation.png 512w, https:\/\/semcolombia.com\/wp-content\/uploads\/2024\/08\/documentation-300x300.png 300w, https:\/\/semcolombia.com\/wp-content\/uploads\/2024\/08\/documentation-150x150.png 150w, https:\/\/semcolombia.com\/wp-content\/uploads\/2024\/08\/documentation-250x250.png 250w\" sizes=\"auto, (max-width: 512px) 100vw, 512px\" \/><\/figure><div class=\"wp-block-media-text__content\">\n<p><strong>Eficiencia y Rapidez<\/strong>:<\/p>\n\n\n\n<p>La transmisi\u00f3n de solicitudes y documentos en tiempo real reduce significativamente los tiempos de espera.<\/p>\n<\/div><\/div>\n\n\n\n<div class=\"wp-block-media-text is-stacked-on-mobile\" style=\"grid-template-columns:15% auto\"><figure class=\"wp-block-media-text__media\"><img loading=\"lazy\" decoding=\"async\" width=\"512\" height=\"512\" src=\"http:\/\/semcolombia.com\/wp-content\/uploads\/2024\/08\/done.png\" alt=\"\" class=\"wp-image-487 size-full\" srcset=\"https:\/\/semcolombia.com\/wp-content\/uploads\/2024\/08\/done.png 512w, https:\/\/semcolombia.com\/wp-content\/uploads\/2024\/08\/done-300x300.png 300w, https:\/\/semcolombia.com\/wp-content\/uploads\/2024\/08\/done-150x150.png 150w, https:\/\/semcolombia.com\/wp-content\/uploads\/2024\/08\/done-250x250.png 250w\" sizes=\"auto, (max-width: 512px) 100vw, 512px\" \/><\/figure><div class=\"wp-block-media-text__content\">\n<p>La automatizaci\u00f3n de ciertos procesos (como la validaci\u00f3n de documentos) acelera a\u00fan m\u00e1s el flujo de trabajo.<\/p>\n<\/div><\/div>\n\n\n\n<p><\/p>\n\n\n\n<div class=\"wp-block-media-text is-stacked-on-mobile\" style=\"grid-template-columns:15% auto\"><figure class=\"wp-block-media-text__media\"><img loading=\"lazy\" decoding=\"async\" width=\"99\" height=\"99\" src=\"http:\/\/semcolombia.com\/wp-content\/uploads\/2024\/08\/19.png\" alt=\"\" class=\"wp-image-384 size-full\"\/><\/figure><div class=\"wp-block-media-text__content\">\n<p><strong>Accesibilidad y Flexibilidad:<\/strong><\/p>\n\n\n\n<p>Las cl\u00ednicas y hospitales pueden enviar solicitudes desde cualquier lugar y en cualquier momento, siempre que tengan acceso a Internet.<\/p>\n<\/div><\/div>\n\n\n\n<div class=\"wp-block-media-text is-stacked-on-mobile\" style=\"grid-template-columns:15% auto\"><figure class=\"wp-block-media-text__media\"><img loading=\"lazy\" decoding=\"async\" width=\"512\" height=\"512\" src=\"http:\/\/semcolombia.com\/wp-content\/uploads\/2024\/08\/avatar.png\" alt=\"\" class=\"wp-image-490 size-full\" srcset=\"https:\/\/semcolombia.com\/wp-content\/uploads\/2024\/08\/avatar.png 512w, https:\/\/semcolombia.com\/wp-content\/uploads\/2024\/08\/avatar-300x300.png 300w, https:\/\/semcolombia.com\/wp-content\/uploads\/2024\/08\/avatar-150x150.png 150w, https:\/\/semcolombia.com\/wp-content\/uploads\/2024\/08\/avatar-250x250.png 250w\" sizes=\"auto, (max-width: 512px) 100vw, 512px\" \/><\/figure><div class=\"wp-block-media-text__content\">\n<p>Los auditores pueden revisar y tomar decisiones desde distintas ubicaciones, mejorando la flexibilidad operativa.<\/p>\n<\/div><\/div>\n\n\n\n<p><\/p>\n\n\n\n<div class=\"wp-block-media-text is-stacked-on-mobile\" style=\"grid-template-columns:15% auto\"><figure class=\"wp-block-media-text__media\"><img loading=\"lazy\" decoding=\"async\" width=\"512\" height=\"512\" src=\"https:\/\/semcolombia.com\/wp-content\/uploads\/2024\/08\/cloud-storage.png\" alt=\"\" class=\"wp-image-492 size-full\" srcset=\"https:\/\/semcolombia.com\/wp-content\/uploads\/2024\/08\/cloud-storage.png 512w, https:\/\/semcolombia.com\/wp-content\/uploads\/2024\/08\/cloud-storage-300x300.png 300w, https:\/\/semcolombia.com\/wp-content\/uploads\/2024\/08\/cloud-storage-150x150.png 150w, https:\/\/semcolombia.com\/wp-content\/uploads\/2024\/08\/cloud-storage-250x250.png 250w\" sizes=\"auto, (max-width: 512px) 100vw, 512px\" \/><\/figure><div class=\"wp-block-media-text__content\">\n<p><strong>Transparencia y Seguimiento:<\/strong><\/p>\n\n\n\n<p>El proceso en la nube permite un seguimiento detallado de cada solicitud, con registros claros de cada paso y decisi\u00f3n.<\/p>\n<\/div><\/div>\n\n\n\n<div class=\"wp-block-media-text is-stacked-on-mobile\" style=\"grid-template-columns:15% auto\"><figure class=\"wp-block-media-text__media\"><img loading=\"lazy\" decoding=\"async\" width=\"512\" height=\"512\" src=\"http:\/\/semcolombia.com\/wp-content\/uploads\/2024\/08\/solicitud.png\" alt=\"\" class=\"wp-image-494 size-full\" srcset=\"https:\/\/semcolombia.com\/wp-content\/uploads\/2024\/08\/solicitud.png 512w, https:\/\/semcolombia.com\/wp-content\/uploads\/2024\/08\/solicitud-300x300.png 300w, https:\/\/semcolombia.com\/wp-content\/uploads\/2024\/08\/solicitud-150x150.png 150w, https:\/\/semcolombia.com\/wp-content\/uploads\/2024\/08\/solicitud-250x250.png 250w\" sizes=\"auto, (max-width: 512px) 100vw, 512px\" \/><\/figure><div class=\"wp-block-media-text__content\">\n<p>Las partes involucradas pueden verificar el estado de la solicitud en cualquier momento.<\/p>\n<\/div><\/div>\n\n\n\n<p><\/p>\n\n\n\n<div class=\"wp-block-media-text is-stacked-on-mobile\" style=\"grid-template-columns:15% auto\"><figure class=\"wp-block-media-text__media\"><img loading=\"lazy\" decoding=\"async\" width=\"512\" height=\"512\" src=\"https:\/\/semcolombia.com\/wp-content\/uploads\/2024\/08\/mensaje-de-error.png\" alt=\"\" class=\"wp-image-497 size-full\" srcset=\"https:\/\/semcolombia.com\/wp-content\/uploads\/2024\/08\/mensaje-de-error.png 512w, https:\/\/semcolombia.com\/wp-content\/uploads\/2024\/08\/mensaje-de-error-300x300.png 300w, https:\/\/semcolombia.com\/wp-content\/uploads\/2024\/08\/mensaje-de-error-150x150.png 150w, https:\/\/semcolombia.com\/wp-content\/uploads\/2024\/08\/mensaje-de-error-250x250.png 250w\" sizes=\"auto, (max-width: 512px) 100vw, 512px\" \/><\/figure><div class=\"wp-block-media-text__content\">\n<p><strong>Reducci\u00f3n de Errores:<\/strong><\/p>\n\n\n\n<p>La automatizaci\u00f3n y las herramientas de validaci\u00f3n reducen la posibilidad de errores humanos en la revisi\u00f3n y autorizaci\u00f3n.<\/p>\n<\/div><\/div>\n\n\n\n<p><\/p>\n\n\n\n<div class=\"wp-block-media-text is-stacked-on-mobile\" style=\"grid-template-columns:15% auto\"><figure class=\"wp-block-media-text__media\"><img loading=\"lazy\" decoding=\"async\" width=\"512\" height=\"512\" src=\"https:\/\/semcolombia.com\/wp-content\/uploads\/2024\/08\/proteger.png\" alt=\"\" class=\"wp-image-500 size-full\" srcset=\"https:\/\/semcolombia.com\/wp-content\/uploads\/2024\/08\/proteger.png 512w, https:\/\/semcolombia.com\/wp-content\/uploads\/2024\/08\/proteger-300x300.png 300w, https:\/\/semcolombia.com\/wp-content\/uploads\/2024\/08\/proteger-150x150.png 150w, https:\/\/semcolombia.com\/wp-content\/uploads\/2024\/08\/proteger-250x250.png 250w\" sizes=\"auto, (max-width: 512px) 100vw, 512px\" \/><\/figure><div class=\"wp-block-media-text__content\">\n<p><strong>Seguridad y Cumplimiento:<\/strong><\/p>\n\n\n\n<p>Las aplicaciones en la nube suelen tener altos est\u00e1ndares de seguridad para proteger la informaci\u00f3n sensible del paciente.<\/p>\n<\/div><\/div>\n\n\n\n<div class=\"wp-block-media-text is-stacked-on-mobile\" style=\"grid-template-columns:15% auto\"><figure class=\"wp-block-media-text__media\"><img loading=\"lazy\" decoding=\"async\" width=\"512\" height=\"512\" src=\"https:\/\/semcolombia.com\/wp-content\/uploads\/2024\/08\/actualizar.png\" alt=\"\" class=\"wp-image-501 size-full\" srcset=\"https:\/\/semcolombia.com\/wp-content\/uploads\/2024\/08\/actualizar.png 512w, https:\/\/semcolombia.com\/wp-content\/uploads\/2024\/08\/actualizar-300x300.png 300w, https:\/\/semcolombia.com\/wp-content\/uploads\/2024\/08\/actualizar-150x150.png 150w, https:\/\/semcolombia.com\/wp-content\/uploads\/2024\/08\/actualizar-250x250.png 250w\" sizes=\"auto, (max-width: 512px) 100vw, 512px\" \/><\/figure><div class=\"wp-block-media-text__content\">\n<p>El cumplimiento con las normativas de salud es m\u00e1s f\u00e1cil de gestionar, ya que el sistema puede actualizarse para reflejar cambios en las pol\u00edticas y regulaciones.<\/p>\n<\/div><\/div>\n\n\n\n<p><\/p>\n\n\n\n<div class=\"wp-block-media-text is-stacked-on-mobile\" style=\"grid-template-columns:15% auto\"><figure class=\"wp-block-media-text__media\"><img loading=\"lazy\" decoding=\"async\" width=\"512\" height=\"512\" src=\"https:\/\/semcolombia.com\/wp-content\/uploads\/2024\/08\/ingenieria.png\" alt=\"\" class=\"wp-image-504 size-full\" srcset=\"https:\/\/semcolombia.com\/wp-content\/uploads\/2024\/08\/ingenieria.png 512w, https:\/\/semcolombia.com\/wp-content\/uploads\/2024\/08\/ingenieria-300x300.png 300w, https:\/\/semcolombia.com\/wp-content\/uploads\/2024\/08\/ingenieria-150x150.png 150w, https:\/\/semcolombia.com\/wp-content\/uploads\/2024\/08\/ingenieria-250x250.png 250w\" sizes=\"auto, (max-width: 512px) 100vw, 512px\" \/><\/figure><div class=\"wp-block-media-text__content\">\n<p><strong>Costos Reducidos:<\/strong><\/p>\n\n\n\n<p>La reducci\u00f3n del papel y de los procesos manuales disminuye los costos operativos.<\/p>\n<\/div><\/div>\n\n\n\n<div class=\"wp-block-media-text is-stacked-on-mobile\" style=\"grid-template-columns:15% auto\"><figure class=\"wp-block-media-text__media\"><img loading=\"lazy\" decoding=\"async\" width=\"512\" height=\"512\" src=\"http:\/\/semcolombia.com\/wp-content\/uploads\/2024\/08\/hospital.png\" alt=\"\" class=\"wp-image-415 size-full\" srcset=\"https:\/\/semcolombia.com\/wp-content\/uploads\/2024\/08\/hospital.png 512w, https:\/\/semcolombia.com\/wp-content\/uploads\/2024\/08\/hospital-300x300.png 300w, https:\/\/semcolombia.com\/wp-content\/uploads\/2024\/08\/hospital-150x150.png 150w, https:\/\/semcolombia.com\/wp-content\/uploads\/2024\/08\/hospital-250x250.png 250w\" sizes=\"auto, (max-width: 512px) 100vw, 512px\" \/><\/figure><div class=\"wp-block-media-text__content\">\n<p>La mejora en la eficiencia del proceso puede resultar en ahorros significativos tanto para las cl\u00ednicas y hospitales como para la Secretar\u00eda de Salud.<\/p>\n<\/div><\/div>\n","protected":false},"excerpt":{"rendered":"<p>Las IPS utilizan la plataforma para enviar solicitudes de autorizaci\u00f3n de servicios m\u00e9dicos, adjuntando detalles del paciente y documentos necesarios. La Secretar\u00eda de Salud recibe estas solicitudes en tiempo real, las verifica y revisa para asegurar que cumplen con las normativas de salud. Una vez completada la revisi\u00f3n, se emite una decisi\u00f3n que se comunica [&hellip;]<\/p>\n","protected":false},"author":1,"featured_media":432,"parent":0,"menu_order":0,"comment_status":"closed","ping_status":"closed","template":"","meta":{"_themeisle_gutenberg_block_has_review":false,"footnotes":""},"class_list":["post-430","page","type-page","status-publish","has-post-thumbnail","hentry","clearfix","post-index"],"yoast_head":"<!-- This site is optimized with the Yoast SEO plugin v27.1.1 - https:\/\/yoast.com\/product\/yoast-seo-wordpress\/ -->\n<title>Sistema \u00a0de Autorizaci\u00f3n de Servicios M\u00e9dicos<\/title>\n<meta name=\"description\" content=\"Las IPS utilizan la plataforma para enviar solicitudes de autorizaci\u00f3n de servicios m\u00e9dicos, adjuntando detalles del paciente y documentos necesarios.\" \/>\n<meta name=\"robots\" content=\"index, follow, max-snippet:-1, max-image-preview:large, max-video-preview:-1\" \/>\n<link rel=\"canonical\" href=\"https:\/\/semcolombia.com\/?page_id=430\" \/>\n<meta property=\"og:locale\" content=\"es_ES\" \/>\n<meta property=\"og:type\" content=\"article\" \/>\n<meta property=\"og:title\" content=\"Sistema \u00a0de Autorizaci\u00f3n de Servicios M\u00e9dicos\" \/>\n<meta property=\"og:description\" content=\"Las IPS utilizan la plataforma para enviar solicitudes de autorizaci\u00f3n de servicios m\u00e9dicos, adjuntando detalles del paciente y documentos necesarios.\" \/>\n<meta property=\"og:url\" content=\"https:\/\/semcolombia.com\/?page_id=430\" \/>\n<meta property=\"og:site_name\" content=\"Sem Colombia\" \/>\n<meta property=\"article:modified_time\" content=\"2024-08-26T23:00:28+00:00\" \/>\n<meta property=\"og:image\" content=\"http:\/\/semcolombia.com\/wp-content\/uploads\/2024\/08\/negociacioncontrato-e1724706403574.webp\" \/>\n\t<meta property=\"og:image:width\" content=\"1243\" \/>\n\t<meta property=\"og:image:height\" content=\"517\" \/>\n\t<meta property=\"og:image:type\" content=\"image\/webp\" \/>\n<meta name=\"twitter:card\" content=\"summary_large_image\" \/>\n<meta name=\"twitter:title\" content=\"Sistema \u00a0de Autorizaci\u00f3n de Servicios M\u00e9dicos\" \/>\n<meta name=\"twitter:description\" content=\"Las IPS utilizan la plataforma para enviar solicitudes de autorizaci\u00f3n de servicios m\u00e9dicos, adjuntando detalles del paciente y documentos necesarios.\" \/>\n<meta name=\"twitter:label1\" content=\"Tiempo de lectura\" \/>\n\t<meta name=\"twitter:data1\" content=\"5 minutos\" \/>\n<script type=\"application\/ld+json\" class=\"yoast-schema-graph\">{\"@context\":\"https:\/\/schema.org\",\"@graph\":[{\"@type\":\"WebPage\",\"@id\":\"https:\/\/semcolombia.com\/?page_id=430\",\"url\":\"https:\/\/semcolombia.com\/?page_id=430\",\"name\":\"Sistema \u00a0de Autorizaci\u00f3n de Servicios M\u00e9dicos\",\"isPartOf\":{\"@id\":\"https:\/\/semcolombia.com\/#website\"},\"primaryImageOfPage\":{\"@id\":\"https:\/\/semcolombia.com\/?page_id=430#primaryimage\"},\"image\":{\"@id\":\"https:\/\/semcolombia.com\/?page_id=430#primaryimage\"},\"thumbnailUrl\":\"https:\/\/semcolombia.com\/wp-content\/uploads\/2024\/08\/negociacioncontrato-e1724706403574.webp\",\"datePublished\":\"2024-08-22T22:22:38+00:00\",\"dateModified\":\"2024-08-26T23:00:28+00:00\",\"description\":\"Las IPS utilizan la plataforma para enviar solicitudes de autorizaci\u00f3n de servicios m\u00e9dicos, adjuntando detalles del paciente y documentos necesarios.\",\"breadcrumb\":{\"@id\":\"https:\/\/semcolombia.com\/?page_id=430#breadcrumb\"},\"inLanguage\":\"es-CO\",\"potentialAction\":[{\"@type\":\"ReadAction\",\"target\":[\"https:\/\/semcolombia.com\/?page_id=430\"]}]},{\"@type\":\"ImageObject\",\"inLanguage\":\"es-CO\",\"@id\":\"https:\/\/semcolombia.com\/?page_id=430#primaryimage\",\"url\":\"https:\/\/semcolombia.com\/wp-content\/uploads\/2024\/08\/negociacioncontrato-e1724706403574.webp\",\"contentUrl\":\"https:\/\/semcolombia.com\/wp-content\/uploads\/2024\/08\/negociacioncontrato-e1724706403574.webp\",\"width\":1243,\"height\":517},{\"@type\":\"BreadcrumbList\",\"@id\":\"https:\/\/semcolombia.com\/?page_id=430#breadcrumb\",\"itemListElement\":[{\"@type\":\"ListItem\",\"position\":1,\"name\":\"Home\",\"item\":\"https:\/\/semcolombia.com\/\"},{\"@type\":\"ListItem\",\"position\":2,\"name\":\"Sistema \u00a0de Autorizaci\u00f3n de Servicios M\u00e9dicos\"}]},{\"@type\":\"WebSite\",\"@id\":\"https:\/\/semcolombia.com\/#website\",\"url\":\"https:\/\/semcolombia.com\/\",\"name\":\"Sem Colombia\",\"description\":\"Sistema de Emergencias M\u00e9dicas\",\"publisher\":{\"@id\":\"https:\/\/semcolombia.com\/#organization\"},\"potentialAction\":[{\"@type\":\"SearchAction\",\"target\":{\"@type\":\"EntryPoint\",\"urlTemplate\":\"https:\/\/semcolombia.com\/?s={search_term_string}\"},\"query-input\":{\"@type\":\"PropertyValueSpecification\",\"valueRequired\":true,\"valueName\":\"search_term_string\"}}],\"inLanguage\":\"es-CO\"},{\"@type\":\"Organization\",\"@id\":\"https:\/\/semcolombia.com\/#organization\",\"name\":\"Sem Colombia\",\"url\":\"https:\/\/semcolombia.com\/\",\"logo\":{\"@type\":\"ImageObject\",\"inLanguage\":\"es-CO\",\"@id\":\"https:\/\/semcolombia.com\/#\/schema\/logo\/image\/\",\"url\":\"https:\/\/semcolombia.com\/wp-content\/uploads\/2020\/04\/Sem-Colombia.png\",\"contentUrl\":\"https:\/\/semcolombia.com\/wp-content\/uploads\/2020\/04\/Sem-Colombia.png\",\"width\":180,\"height\":74,\"caption\":\"Sem Colombia\"},\"image\":{\"@id\":\"https:\/\/semcolombia.com\/#\/schema\/logo\/image\/\"}}]}<\/script>\n<!-- \/ Yoast SEO plugin. -->","yoast_head_json":{"title":"Sistema \u00a0de Autorizaci\u00f3n de Servicios M\u00e9dicos","description":"Las IPS utilizan la plataforma para enviar solicitudes de autorizaci\u00f3n de servicios m\u00e9dicos, adjuntando detalles del paciente y documentos necesarios.","robots":{"index":"index","follow":"follow","max-snippet":"max-snippet:-1","max-image-preview":"max-image-preview:large","max-video-preview":"max-video-preview:-1"},"canonical":"https:\/\/semcolombia.com\/?page_id=430","og_locale":"es_ES","og_type":"article","og_title":"Sistema \u00a0de Autorizaci\u00f3n de Servicios M\u00e9dicos","og_description":"Las IPS utilizan la plataforma para enviar solicitudes de autorizaci\u00f3n de servicios m\u00e9dicos, adjuntando detalles del paciente y documentos necesarios.","og_url":"https:\/\/semcolombia.com\/?page_id=430","og_site_name":"Sem Colombia","article_modified_time":"2024-08-26T23:00:28+00:00","og_image":[{"width":1243,"height":517,"url":"http:\/\/semcolombia.com\/wp-content\/uploads\/2024\/08\/negociacioncontrato-e1724706403574.webp","type":"image\/webp"}],"twitter_card":"summary_large_image","twitter_title":"Sistema \u00a0de Autorizaci\u00f3n de Servicios M\u00e9dicos","twitter_description":"Las IPS utilizan la plataforma para enviar solicitudes de autorizaci\u00f3n de servicios m\u00e9dicos, adjuntando detalles del paciente y documentos necesarios.","twitter_misc":{"Tiempo de lectura":"5 minutos"},"schema":{"@context":"https:\/\/schema.org","@graph":[{"@type":"WebPage","@id":"https:\/\/semcolombia.com\/?page_id=430","url":"https:\/\/semcolombia.com\/?page_id=430","name":"Sistema \u00a0de Autorizaci\u00f3n de Servicios M\u00e9dicos","isPartOf":{"@id":"https:\/\/semcolombia.com\/#website"},"primaryImageOfPage":{"@id":"https:\/\/semcolombia.com\/?page_id=430#primaryimage"},"image":{"@id":"https:\/\/semcolombia.com\/?page_id=430#primaryimage"},"thumbnailUrl":"https:\/\/semcolombia.com\/wp-content\/uploads\/2024\/08\/negociacioncontrato-e1724706403574.webp","datePublished":"2024-08-22T22:22:38+00:00","dateModified":"2024-08-26T23:00:28+00:00","description":"Las IPS utilizan la plataforma para enviar solicitudes de autorizaci\u00f3n de servicios m\u00e9dicos, adjuntando detalles del paciente y documentos necesarios.","breadcrumb":{"@id":"https:\/\/semcolombia.com\/?page_id=430#breadcrumb"},"inLanguage":"es-CO","potentialAction":[{"@type":"ReadAction","target":["https:\/\/semcolombia.com\/?page_id=430"]}]},{"@type":"ImageObject","inLanguage":"es-CO","@id":"https:\/\/semcolombia.com\/?page_id=430#primaryimage","url":"https:\/\/semcolombia.com\/wp-content\/uploads\/2024\/08\/negociacioncontrato-e1724706403574.webp","contentUrl":"https:\/\/semcolombia.com\/wp-content\/uploads\/2024\/08\/negociacioncontrato-e1724706403574.webp","width":1243,"height":517},{"@type":"BreadcrumbList","@id":"https:\/\/semcolombia.com\/?page_id=430#breadcrumb","itemListElement":[{"@type":"ListItem","position":1,"name":"Home","item":"https:\/\/semcolombia.com\/"},{"@type":"ListItem","position":2,"name":"Sistema \u00a0de Autorizaci\u00f3n de Servicios M\u00e9dicos"}]},{"@type":"WebSite","@id":"https:\/\/semcolombia.com\/#website","url":"https:\/\/semcolombia.com\/","name":"Sem Colombia","description":"Sistema de Emergencias M\u00e9dicas","publisher":{"@id":"https:\/\/semcolombia.com\/#organization"},"potentialAction":[{"@type":"SearchAction","target":{"@type":"EntryPoint","urlTemplate":"https:\/\/semcolombia.com\/?s={search_term_string}"},"query-input":{"@type":"PropertyValueSpecification","valueRequired":true,"valueName":"search_term_string"}}],"inLanguage":"es-CO"},{"@type":"Organization","@id":"https:\/\/semcolombia.com\/#organization","name":"Sem Colombia","url":"https:\/\/semcolombia.com\/","logo":{"@type":"ImageObject","inLanguage":"es-CO","@id":"https:\/\/semcolombia.com\/#\/schema\/logo\/image\/","url":"https:\/\/semcolombia.com\/wp-content\/uploads\/2020\/04\/Sem-Colombia.png","contentUrl":"https:\/\/semcolombia.com\/wp-content\/uploads\/2020\/04\/Sem-Colombia.png","width":180,"height":74,"caption":"Sem Colombia"},"image":{"@id":"https:\/\/semcolombia.com\/#\/schema\/logo\/image\/"}}]}},"_links":{"self":[{"href":"https:\/\/semcolombia.com\/index.php?rest_route=\/wp\/v2\/pages\/430","targetHints":{"allow":["GET"]}}],"collection":[{"href":"https:\/\/semcolombia.com\/index.php?rest_route=\/wp\/v2\/pages"}],"about":[{"href":"https:\/\/semcolombia.com\/index.php?rest_route=\/wp\/v2\/types\/page"}],"author":[{"embeddable":true,"href":"https:\/\/semcolombia.com\/index.php?rest_route=\/wp\/v2\/users\/1"}],"replies":[{"embeddable":true,"href":"https:\/\/semcolombia.com\/index.php?rest_route=%2Fwp%2Fv2%2Fcomments&post=430"}],"version-history":[{"count":32,"href":"https:\/\/semcolombia.com\/index.php?rest_route=\/wp\/v2\/pages\/430\/revisions"}],"predecessor-version":[{"id":506,"href":"https:\/\/semcolombia.com\/index.php?rest_route=\/wp\/v2\/pages\/430\/revisions\/506"}],"wp:featuredmedia":[{"embeddable":true,"href":"https:\/\/semcolombia.com\/index.php?rest_route=\/wp\/v2\/media\/432"}],"wp:attachment":[{"href":"https:\/\/semcolombia.com\/index.php?rest_route=%2Fwp%2Fv2%2Fmedia&parent=430"}],"curies":[{"name":"wp","href":"https:\/\/api.w.org\/{rel}","templated":true}]}}